{"id":3,"date":"2022-11-06T10:00:01","date_gmt":"2022-11-06T09:00:01","guid":{"rendered":"https:\/\/gravelmaps.de\/?page_id=3"},"modified":"2022-11-16T21:31:17","modified_gmt":"2022-11-16T20:31:17","slug":"impressum","status":"publish","type":"page","link":"https:\/\/gravelmaps.de\/de\/impressum\/","title":{"rendered":"Impressum"},"content":{"rendered":"<h4 class=\"wp-block-heading\">Diese Seite wird rein privat (nicht kommerziell) betrieben und verantwortet von:<\/h4>\n\n\n\n<p>H. Stra\u00dfg\u00fctl<br>Brunnen\u00e4ckerweg 16, <br>72124 Pliezhausen<br>E-Mail: <a href=\"mailto:admin@gravelmaps.de\">admin@gravelmaps.de<\/a><br>Impressum: <a rel=\"noreferrer noopener\" href=\"https:\/\/gravelmaps.de\/de\/impressum\/\" target=\"_blank\">https:\/\/gravelmaps.de\/impressum\/<\/a><\/p>","protected":false},"excerpt":{"rendered":"<p>Diese Seite wird rein privat (nicht kommerziell) betrieben und verantwortet von: H. Stra\u00dfg\u00fctlBrunnen\u00e4ckerweg 16, 72124 PliezhausenE-Mail: admin@gravelmaps.deImpressum: https:\/\/gravelmaps.de\/impressum\/<\/p>","protected":false},"author":1,"featured_media":0,"parent":0,"menu_order":0,"comment_status":"closed","ping_status":"closed","template":"","meta":{"footnotes":""},"class_list":["post-3","page","type-page","status-publish","hentry"],"_links":{"self":[{"href":"https:\/\/gravelmaps.de\/de\/wp-json\/wp\/v2\/pages\/3","targetHints":{"allow":["GET"]}}],"collection":[{"href":"https:\/\/gravelmaps.de\/de\/wp-json\/wp\/v2\/pages"}],"about":[{"href":"https:\/\/gravelmaps.de\/de\/wp-json\/wp\/v2\/types\/page"}],"author":[{"embeddable":true,"href":"https:\/\/gravelmaps.de\/de\/wp-json\/wp\/v2\/users\/1"}],"replies":[{"embeddable":true,"href":"https:\/\/gravelmaps.de\/de\/wp-json\/wp\/v2\/comments?post=3"}],"version-history":[{"count":0,"href":"https:\/\/gravelmaps.de\/de\/wp-json\/wp\/v2\/pages\/3\/revisions"}],"wp:attachment":[{"href":"https:\/\/gravelmaps.de\/de\/wp-json\/wp\/v2\/media?parent=3"}],"curies":[{"name":"wp","href":"https:\/\/api.w.org\/{rel}","templated":true}]}}