{"id":2347,"date":"2023-07-09T20:00:49","date_gmt":"2023-07-09T18:00:49","guid":{"rendered":"https:\/\/gravelmaps.de\/?page_id=2347"},"modified":"2023-07-09T20:05:47","modified_gmt":"2023-07-09T18:05:47","slug":"something-on-my-own-account","status":"publish","type":"page","link":"https:\/\/gravelmaps.de\/de\/something-on-my-own-account\/","title":{"rendered":"Etwas in eigener Sache"},"content":{"rendered":"<h4 class=\"wp-block-heading\">Etwas in eigener Sache<\/h4>\n\n\n\n<p>Aus gesundheitlichen Gr\u00fcnden werde ich in Zukunft mein Hobby, das Motorradfahren im Gel\u00e4nde, nicht mehr aus\u00fcben k\u00f6nnen. Daher plane ich, diese Webseite bis sp\u00e4testens Ende 2024 abzuschalten. Wenn du die Seite weiterf\u00fchren m\u00f6chtest, schreibe mir eine Mail: <a href=\"mailto:admin@gravelmaps.de\">admin@gravelmaps.de<\/a>\n<\/p>","protected":false},"excerpt":{"rendered":"<p>Something on my own account For health reasons, I will no longer be able to pursue my hobby of off-road motorcycling in the future. Therefore, I plan to shut down this website by the end of 2024 at the latest. If you would like to continue the site, please send me an email: admin@gravelmaps.de<\/p>","protected":false},"author":1,"featured_media":0,"parent":0,"menu_order":0,"comment_status":"closed","ping_status":"closed","template":"","meta":{"footnotes":""},"class_list":["post-2347","page","type-page","status-publish","hentry"],"_links":{"self":[{"href":"https:\/\/gravelmaps.de\/de\/wp-json\/wp\/v2\/pages\/2347","targetHints":{"allow":["GET"]}}],"collection":[{"href":"https:\/\/gravelmaps.de\/de\/wp-json\/wp\/v2\/pages"}],"about":[{"href":"https:\/\/gravelmaps.de\/de\/wp-json\/wp\/v2\/types\/page"}],"author":[{"embeddable":true,"href":"https:\/\/gravelmaps.de\/de\/wp-json\/wp\/v2\/users\/1"}],"replies":[{"embeddable":true,"href":"https:\/\/gravelmaps.de\/de\/wp-json\/wp\/v2\/comments?post=2347"}],"version-history":[{"count":0,"href":"https:\/\/gravelmaps.de\/de\/wp-json\/wp\/v2\/pages\/2347\/revisions"}],"wp:attachment":[{"href":"https:\/\/gravelmaps.de\/de\/wp-json\/wp\/v2\/media?parent=2347"}],"curies":[{"name":"wp","href":"https:\/\/api.w.org\/{rel}","templated":true}]}}