{"id":2042,"date":"2022-11-16T21:19:24","date_gmt":"2022-11-16T20:19:24","guid":{"rendered":"https:\/\/gravelmaps.de\/?page_id=2042"},"modified":"2022-11-21T16:26:33","modified_gmt":"2022-11-21T15:26:33","slug":"datenschutzerklaerung","status":"publish","type":"page","link":"https:\/\/gravelmaps.de\/de\/datenschutzerklaerung\/","title":{"rendered":"Datenschutzerkl\u00e4rung"},"content":{"rendered":"<h1>Datenschutzerkl\u00e4rung<\/h1>\n<h2 id=\"m14\">Einleitung<\/h2>\n<p>Mit der folgenden Datenschutzerkl\u00e4rung m\u00f6chten wir Sie dar\u00fcber aufkl\u00e4ren, welche Arten Ihrer personenbezogenen Daten (nachfolgend auch kurz als &#8220;Daten\u201c bezeichnet) wir zu welchen Zwecken und in welchem Umfang verarbeiten. Die Datenschutzerkl\u00e4rung gilt f\u00fcr alle von uns durchgef\u00fchrten Verarbeitungen personenbezogener Daten, sowohl im Rahmen der Erbringung unserer Leistungen als auch insbesondere auf unseren Webseiten, in mobilen Applikationen sowie innerhalb externer Onlinepr\u00e4senzen, wie z.B. unserer Social-Media-Profile (nachfolgend zusammenfassend bezeichnet als &#8220;Onlineangebot\u201c).<\/p>\n<p>Die verwendeten Begriffe sind nicht geschlechtsspezifisch.<\/p>\n<p>Stand: 21. November 2022<\/p>\n<h2>Inhalts\u00fcbersicht<\/h2>\n<ul class=\"index\">\n<li><a class=\"index-link\" href=\"#m14\">Einleitung<\/a><\/li>\n<li><a class=\"index-link\" href=\"#m3\">Verantwortlicher<\/a><\/li>\n<li><a class=\"index-link\" href=\"#mOverview\">\u00dcbersicht der Verarbeitungen<\/a><\/li>\n<li><a class=\"index-link\" href=\"#m13\">Ma\u00dfgebliche Rechtsgrundlagen<\/a><\/li>\n<li><a class=\"index-link\" href=\"#m27\">Sicherheitsma\u00dfnahmen<\/a><\/li>\n<li><a class=\"index-link\" href=\"#m225\">Bereitstellung des Onlineangebotes und Webhosting<\/a><\/li>\n<li><a class=\"index-link\" href=\"#m104\">Blogs und Publikationsmedien<\/a><\/li>\n<li><a class=\"index-link\" href=\"#m263\">Webanalyse, Monitoring und Optimierung<\/a><\/li>\n<li><a class=\"index-link\" href=\"#m328\">Plugins und eingebettete Funktionen sowie Inhalte<\/a><\/li>\n<\/ul>\n<h2 id=\"m3\">Verantwortlicher<\/h2>\n<p>Hans Stra\u00dfg\u00fctl<br \/>\nBrunnen\u00e4ckerweg 16<br \/>\nD-72124 Pliezhausen<\/p>\n<p>E-Mail-Adresse:<\/p>\n<p><a href=\"mailto:admin@gravelmaps.de\">admin@gravelmaps.de<\/a><\/p>\n<p>Impressum:<\/p>\n<p><a href=\"https:\/\/gravelmaps.de\/de\/impressum\/\" target=\"_blank\" rel=\"noopener\">https:\/\/gravelmaps.de\/impressum<\/a><\/p>\n<h2 id=\"mOverview\">\u00dcbersicht der Verarbeitungen<\/h2>\n<p>Die nachfolgende \u00dcbersicht fasst die Arten der verarbeiteten Daten und die Zwecke ihrer Verarbeitung zusammen und verweist auf die betroffenen Personen.<\/p>\n<h3>Arten der verarbeiteten Daten<\/h3>\n<ul>\n<li>Bestandsdaten.<\/li>\n<li>Kontaktdaten.<\/li>\n<li>Inhaltsdaten.<\/li>\n<li>Nutzungsdaten.<\/li>\n<li>Meta-\/Kommunikationsdaten.<\/li>\n<\/ul>\n<h3>Kategorien betroffener Personen<\/h3>\n<ul>\n<li>Nutzer.<\/li>\n<\/ul>\n<h3>Zwecke der Verarbeitung<\/h3>\n<ul>\n<li>Erbringung vertraglicher Leistungen und Kundenservice.<\/li>\n<li>Sicherheitsma\u00dfnahmen.<\/li>\n<li>Reichweitenmessung.<\/li>\n<li>Feedback.<\/li>\n<li>Profile mit nutzerbezogenen Informationen.<\/li>\n<li>Bereitstellung unseres Onlineangebotes und Nutzerfreundlichkeit.<\/li>\n<li>Informationstechnische Infrastruktur.<\/li>\n<\/ul>\n<h3 id=\"m13\">Ma\u00dfgebliche Rechtsgrundlagen<\/h3>\n<p>Im Folgenden erhalten Sie eine \u00dcbersicht der Rechtsgrundlagen der DSGVO, auf deren Basis wir personenbezogene Daten verarbeiten. Bitte nehmen Sie zur Kenntnis, dass neben den Regelungen der DSGVO nationale Datenschutzvorgaben in Ihrem bzw. unserem Wohn- oder Sitzland gelten k\u00f6nnen. Sollten ferner im Einzelfall speziellere Rechtsgrundlagen ma\u00dfgeblich sein, teilen wir Ihnen diese in der Datenschutzerkl\u00e4rung mit.<\/p>\n<ul>\n<li><strong>Berechtigte Interessen (Art. 6 Abs. 1 S. 1 lit. f) DSGVO)<\/strong> &#8211; Die Verarbeitung ist zur Wahrung der berechtigten Interessen des Verantwortlichen oder eines Dritten erforderlich, sofern nicht die Interessen oder Grundrechte und Grundfreiheiten der betroffenen Person, die den Schutz personenbezogener Daten erfordern, \u00fcberwiegen.<\/li>\n<\/ul>\n<p>Zus\u00e4tzlich zu den Datenschutzregelungen der Datenschutz-Grundverordnung gelten nationale Regelungen zum Datenschutz in Deutschland. Hierzu geh\u00f6rt insbesondere das Gesetz zum Schutz vor Missbrauch personenbezogener Daten bei der Datenverarbeitung (Bundesdatenschutzgesetz \u2013 BDSG). Das BDSG enth\u00e4lt insbesondere Spezialregelungen zum Recht auf Auskunft, zum Recht auf L\u00f6schung, zum Widerspruchsrecht, zur Verarbeitung besonderer Kategorien personenbezogener Daten, zur Verarbeitung f\u00fcr andere Zwecke und zur \u00dcbermittlung sowie automatisierten Entscheidungsfindung im Einzelfall einschlie\u00dflich Profiling. Des Weiteren regelt es die Datenverarbeitung f\u00fcr Zwecke des Besch\u00e4ftigungsverh\u00e4ltnisses (\u00a7 26 BDSG), insbesondere im Hinblick auf die Begr\u00fcndung, Durchf\u00fchrung oder Beendigung von Besch\u00e4ftigungsverh\u00e4ltnissen sowie die Einwilligung von Besch\u00e4ftigten. Ferner k\u00f6nnen Landesdatenschutzgesetze der einzelnen Bundesl\u00e4nder zur Anwendung gelangen.<\/p>\n<h2 id=\"m27\">Sicherheitsma\u00dfnahmen<\/h2>\n<p>Wir treffen nach Ma\u00dfgabe der gesetzlichen Vorgaben unter Ber\u00fccksichtigung des Stands der Technik, der Implementierungskosten und der Art, des Umfangs, der Umst\u00e4nde und der Zwecke der Verarbeitung sowie der unterschiedlichen Eintrittswahrscheinlichkeiten und des Ausma\u00dfes der Bedrohung der Rechte und Freiheiten nat\u00fcrlicher Personen geeignete technische und organisatorische Ma\u00dfnahmen, um ein dem Risiko angemessenes Schutzniveau zu gew\u00e4hrleisten.<\/p>\n<p>Zu den Ma\u00dfnahmen geh\u00f6ren insbesondere die Sicherung der Vertraulichkeit, Integrit\u00e4t und Verf\u00fcgbarkeit von Daten durch Kontrolle des physischen und elektronischen Zugangs zu den Daten als auch des sie betreffenden Zugriffs, der Eingabe, der Weitergabe, der Sicherung der Verf\u00fcgbarkeit und ihrer Trennung. Des Weiteren haben wir Verfahren eingerichtet, die eine Wahrnehmung von Betroffenenrechten, die L\u00f6schung von Daten und Reaktionen auf die Gef\u00e4hrdung der Daten gew\u00e4hrleisten. Ferner ber\u00fccksichtigen wir den Schutz personenbezogener Daten bereits bei der Entwicklung bzw. Auswahl von Hardware, Software sowie Verfahren entsprechend dem Prinzip des Datenschutzes, durch Technikgestaltung und durch datenschutzfreundliche Voreinstellungen.<\/p>\n<p>TLS-Verschl\u00fcsselung (https): Um Ihre via unserem Online-Angebot \u00fcbermittelten Daten zu sch\u00fctzen, nutzen wir eine TLS-Verschl\u00fcsselung. Sie erkennen derart verschl\u00fcsselte Verbindungen an dem Pr\u00e4fix https:\/\/ in der Adresszeile Ihres Browsers.<\/p>\n<h2 id=\"m225\">Bereitstellung des Onlineangebotes und Webhosting<\/h2>\n<p>Wir verarbeiten die Daten der Nutzer, um ihnen unsere Online-Dienste zur Verf\u00fcgung stellen zu k\u00f6nnen. Zu diesem Zweck verarbeiten wir die IP-Adresse des Nutzers, die notwendig ist, um die Inhalte und Funktionen unserer Online-Dienste an den Browser oder das Endger\u00e4t der Nutzer zu \u00fcbermitteln.<\/p>\n<ul class=\"m-elements\">\n<li><strong>Verarbeitete Datenarten:<\/strong> Nutzungsdaten (z.B. besuchte Webseiten, Interesse an Inhalten, Zugriffszeiten); Meta-\/Kommunikationsdaten (z.B. Ger\u00e4te-Informationen, IP-Adressen); Inhaltsdaten (z.B. Eingaben in Onlineformularen).<\/li>\n<li><strong>Betroffene Personen:<\/strong> Nutzer (z.B. Webseitenbesucher, Nutzer von Onlinediensten).<\/li>\n<li><strong>Zwecke der Verarbeitung:<\/strong> Bereitstellung unseres Onlineangebotes und Nutzerfreundlichkeit; Informationstechnische Infrastruktur (Betrieb und Bereitstellung von Informationssystemen und technischen Ger\u00e4ten (Computer, Server etc.).); Sicherheitsma\u00dfnahmen.<\/li>\n<li><strong>Rechtsgrundlagen:<\/strong> Berechtigte Interessen (Art. 6 Abs. 1 S. 1 lit. f) DSGVO).<\/li>\n<\/ul>\n<p><strong>Weitere Hinweise zu Verarbeitungsprozessen, Verfahren und Diensten:<\/strong><\/p>\n<ul class=\"m-elements\">\n<li><strong>Bereitstellung Onlineangebot auf eigener\/ dedizierter Serverhardware: <\/strong>F\u00fcr die Bereitstellung unseres Onlineangebotes nutzen wir von uns betriebene Serverhardware sowie den damit verbundenen Speicherplatz, die Rechenkapazit\u00e4t und die Software; <strong>Rechtsgrundlagen:<\/strong> Berechtigte Interessen (Art. 6 Abs. 1 S. 1 lit. f) DSGVO).<\/li>\n<li><strong>Erhebung von Zugriffsdaten und Logfiles: <\/strong>Der Zugriff auf unser Onlineangebot wird in Form von so genannten &#8220;Server-Logfiles&#8221; protokolliert. Zu den Serverlogfiles k\u00f6nnen die Adresse und Name der abgerufenen Webseiten und Dateien, Datum und Uhrzeit des Abrufs, \u00fcbertragene Datenmengen, Meldung \u00fcber erfolgreichen Abruf, Browsertyp nebst Version, das Betriebssystem des Nutzers, Referrer URL (die zuvor besuchte Seite) und im Regelfall IP-Adressen und der anfragende Provider geh\u00f6ren.Die Serverlogfiles k\u00f6nnen zum einen zu Zwecken der Sicherheit eingesetzt werden, z.B., um eine \u00dcberlastung der Server zu vermeiden (insbesondere im Fall von missbr\u00e4uchlichen Angriffen, sogenannten DDoS-Attacken) und zum anderen, um die Auslastung der Server und ihre Stabilit\u00e4t sicherzustellen; <strong>Rechtsgrundlagen:<\/strong> Berechtigte Interessen (Art. 6 Abs. 1 S. 1 lit. f) DSGVO); <strong>L\u00f6schung von Daten:<\/strong> Logfile-Informationen werden f\u00fcr die Dauer von maximal 30 Tagen gespeichert und danach gel\u00f6scht oder anonymisiert. Daten, deren weitere Aufbewahrung zu Beweiszwecken erforderlich ist, sind bis zur endg\u00fcltigen Kl\u00e4rung des jeweiligen Vorfalls von der L\u00f6schung ausgenommen.<\/li>\n<li><strong>Content-Delivery-Network: <\/strong>Wir setzen ein &#8220;Content-Delivery-Network&#8221; (CDN) ein. Ein CDN ist ein Dienst, mit dessen Hilfe Inhalte eines Onlineangebotes, insbesondere gro\u00dfe Mediendateien, wie Grafiken oder Programm-Skripte, mit Hilfe regional verteilter und \u00fcber das Internet verbundener Server schneller und sicherer ausgeliefert werden k\u00f6nnen; <strong>Rechtsgrundlagen:<\/strong> Berechtigte Interessen (Art. 6 Abs. 1 S. 1 lit. f) DSGVO).<\/li>\n<li><strong>STRATO: <\/strong>Leistungen auf dem Gebiet der Bereitstellung von informationstechnischer Infrastruktur und verbundenen Dienstleistungen (z.B. Speicherplatz und\/oder Rechenkapazit\u00e4ten); <strong>Dienstanbieter:<\/strong> STRATO AG, Pascalstra\u00dfe 10,10587 Berlin, Deutschland; <strong>Rechtsgrundlagen:<\/strong> Berechtigte Interessen (Art. 6 Abs. 1 S. 1 lit. f) DSGVO); <strong>Website:<\/strong> <a href=\"https:\/\/www.strato.de\" target=\"_blank\" rel=\"noopener\">https:\/\/www.strato.de<\/a>; <strong>Datenschutzerkl\u00e4rung:<\/strong> <a href=\"https:\/\/www.strato.de\/datenschutz\" target=\"_blank\" rel=\"noopener\">https:\/\/www.strato.de\/datenschutz<\/a>; <strong>Auftragsverarbeitungsvertrag:<\/strong> Wird vom Dienstanbieter bereitgestellt.<\/li>\n<li><strong>WordPress.com: <\/strong>Hosting und Software f\u00fcr die Erstellung, Bereitstellung und den Betrieb von Websites, Blogs und anderen Onlineangeboten; <strong>Dienstanbieter:<\/strong> Aut O\u2019Mattic A8C Irland Ltd., Grand Canal Dock, 25 Herbert Pl, Dublin, D02 AY86, Irland; <strong>Rechtsgrundlagen:<\/strong> Berechtigte Interessen (Art. 6 Abs. 1 S. 1 lit. f) DSGVO); <strong>Website:<\/strong> <a href=\"https:\/\/wordpress.com\" target=\"_blank\" rel=\"noopener\">https:\/\/wordpress.com<\/a>; <strong>Datenschutzerkl\u00e4rung:<\/strong> <a href=\"https:\/\/automattic.com\/de\/privacy\/\" target=\"_blank\" rel=\"noopener\">https:\/\/automattic.com\/de\/privacy\/<\/a>; <strong>Auftragsverarbeitungsvertrag:<\/strong> <a href=\"https:\/\/wordpress.com\/support\/data-processing-agreements\/\" target=\"_blank\" rel=\"noopener\">https:\/\/wordpress.com\/support\/data-processing-agreements\/<\/a>.<\/li>\n<\/ul>\n<h2 id=\"m104\">Blogs und Publikationsmedien<\/h2>\n<p>Wir nutzen Blogs oder vergleichbare Mittel der Onlinekommunikation und Publikation (nachfolgend &#8220;Publikationsmedium&#8221;). Die Daten der Leser werden f\u00fcr die Zwecke des Publikationsmediums nur insoweit verarbeitet, als es f\u00fcr dessen Darstellung und die Kommunikation zwischen Autoren und Lesern oder aus Gr\u00fcnden der Sicherheit erforderlich ist. Im \u00dcbrigen verweisen wir auf die Informationen zur Verarbeitung der Besucher unseres Publikationsmediums im Rahmen dieser Datenschutzhinweise.<\/p>\n<ul class=\"m-elements\">\n<li><strong>Verarbeitete Datenarten:<\/strong> Bestandsdaten (z.B. Namen, Adressen); Kontaktdaten (z.B. E-Mail, Telefonnummern); Inhaltsdaten (z.B. Eingaben in Onlineformularen); Nutzungsdaten (z.B. besuchte Webseiten, Interesse an Inhalten, Zugriffszeiten); Meta-\/Kommunikationsdaten (z.B. Ger\u00e4te-Informationen, IP-Adressen).<\/li>\n<li><strong>Betroffene Personen:<\/strong> Nutzer (z.B. Webseitenbesucher, Nutzer von Onlinediensten).<\/li>\n<li><strong>Zwecke der Verarbeitung:<\/strong> Erbringung vertraglicher Leistungen und Kundenservice; Feedback (z.B. Sammeln von Feedback via Online-Formular); Bereitstellung unseres Onlineangebotes und Nutzerfreundlichkeit.<\/li>\n<li><strong>Rechtsgrundlagen:<\/strong> Berechtigte Interessen (Art. 6 Abs. 1 S. 1 lit. f) DSGVO).<\/li>\n<\/ul>\n<p><strong>Weitere Hinweise zu Verarbeitungsprozessen, Verfahren und Diensten:<\/strong><\/p>\n<ul class=\"m-elements\">\n<li><strong>Abruf von WordPress-Emojis und -Smilies: <\/strong>Abruf von WordPress-Emojis und -Smilies &#8211; Innerhalb unseres WordPress-Blogs werden zu Zwecken der effizienten Einbindung von Inhaltselementen grafische Emojis (bzw. Smilies), d.h., kleine grafische Dateien, die Gef\u00fchle ausdr\u00fccken, eingesetzt, bezogen von externen Servern. Die Anbieter der Server erheben die IP-Adressen der Nutzer. Dies ist notwendig, damit die Emoji-Dateien an die Browser der Nutzer \u00fcbermittelt werden k\u00f6nnen; <strong>Dienstanbieter:<\/strong> Aut O\u2019Mattic A8C Irland Ltd., Grand Canal Dock, 25 Herbert Pl, Dublin, D02 AY86, Irland; <strong>Rechtsgrundlagen:<\/strong> Berechtigte Interessen (Art. 6 Abs. 1 S. 1 lit. f) DSGVO); <strong>Website:<\/strong> <a href=\"https:\/\/automattic.com\" target=\"_blank\" rel=\"noopener\">https:\/\/automattic.com<\/a>; <strong>Datenschutzerkl\u00e4rung:<\/strong> <a href=\"https:\/\/automattic.com\/privacy\" target=\"_blank\" rel=\"noopener\">https:\/\/automattic.com\/privacy<\/a>.<\/li>\n<\/ul>\n<h2 id=\"m263\">Webanalyse, Monitoring und Optimierung<\/h2>\n<p>Die Webanalyse (auch als &#8220;Reichweitenmessung&#8221; bezeichnet) dient der Auswertung der Besucherstr\u00f6me unseres Onlineangebotes und kann Verhalten, Interessen oder demographische Informationen zu den Besuchern, wie z.B. das Alter oder das Geschlecht, als pseudonyme Werte umfassen. Mit Hilfe der Reichweitenanalyse k\u00f6nnen wir z.B. erkennen, zu welcher Zeit unser Onlineangebot oder dessen Funktionen oder Inhalte am h\u00e4ufigsten genutzt werden oder zur Wiederverwendung einladen. Ebenso k\u00f6nnen wir nachvollziehen, welche Bereiche der Optimierung bed\u00fcrfen.<\/p>\n<p>Neben der Webanalyse k\u00f6nnen wir auch Testverfahren einsetzen, um z.B. unterschiedliche Versionen unseres Onlineangebotes oder seiner Bestandteile zu testen und optimieren.<\/p>\n<p>Sofern nachfolgend nicht anders angegeben, k\u00f6nnen zu diesen Zwecken Profile, d.h. zu einem Nutzungsvorgang zusammengefasste Daten angelegt und Informationen in einem Browser, bzw. in einem Endger\u00e4t gespeichert und aus diesem ausgelesen werden. Zu den erhobenen Angaben geh\u00f6ren insbesondere besuchte Webseiten und dort genutzte Elemente sowie technische Angaben, wie der verwendete Browser, das verwendete Computersystem sowie Angaben zu Nutzungszeiten. Sofern Nutzer in die Erhebung ihrer Standortdaten uns gegen\u00fcber oder gegen\u00fcber den Anbietern der von uns eingesetzten Dienste einverstanden erkl\u00e4rt haben, k\u00f6nnen auch Standortdaten verarbeitet werden.<\/p>\n<p>Es werden ebenfalls die IP-Adressen der Nutzer gespeichert. Jedoch nutzen wir ein IP-Masking-Verfahren (d.h., Pseudonymisierung durch K\u00fcrzung der IP-Adresse) zum Schutz der Nutzer. Generell werden die im Rahmen von Webanalyse, A\/B-Testings und Optimierung keine Klardaten der Nutzer (wie z.B. E-Mail-Adressen oder Namen) gespeichert, sondern Pseudonyme. D.h., wir als auch die Anbieter der eingesetzten Software kennen nicht die tats\u00e4chliche Identit\u00e4t der Nutzer, sondern nur den f\u00fcr Zwecke der jeweiligen Verfahren in deren Profilen gespeicherten Angaben.<\/p>\n<ul class=\"m-elements\">\n<li><strong>Verarbeitete Datenarten:<\/strong> Nutzungsdaten (z.B. besuchte Webseiten, Interesse an Inhalten, Zugriffszeiten); Meta-\/Kommunikationsdaten (z.B. Ger\u00e4te-Informationen, IP-Adressen).<\/li>\n<li><strong>Betroffene Personen:<\/strong> Nutzer (z.B. Webseitenbesucher, Nutzer von Onlinediensten).<\/li>\n<li><strong>Zwecke der Verarbeitung:<\/strong> Reichweitenmessung (z.B. Zugriffsstatistiken, Erkennung wiederkehrender Besucher); Profile mit nutzerbezogenen Informationen (Erstellen von Nutzerprofilen).<\/li>\n<li><strong>Sicherheitsma\u00dfnahmen:<\/strong> IP-Masking (Pseudonymisierung der IP-Adresse).<\/li>\n<\/ul>\n<h2 id=\"m328\">Plugins und eingebettete Funktionen sowie Inhalte<\/h2>\n<p>Wir binden in unser Onlineangebot Funktions- und Inhaltselemente ein, die von den Servern ihrer jeweiligen Anbieter (nachfolgend bezeichnet als &#8220;Drittanbieter\u201d) bezogen werden. Dabei kann es sich zum Beispiel um Grafiken, Videos oder Stadtpl\u00e4ne handeln (nachfolgend einheitlich bezeichnet als &#8220;Inhalte\u201d).<\/p>\n<p>Die Einbindung setzt immer voraus, dass die Drittanbieter dieser Inhalte die IP-Adresse der Nutzer verarbeiten, da sie ohne die IP-Adresse die Inhalte nicht an deren Browser senden k\u00f6nnten. Die IP-Adresse ist damit f\u00fcr die Darstellung dieser Inhalte oder Funktionen erforderlich. Wir bem\u00fchen uns, nur solche Inhalte zu verwenden, deren jeweilige Anbieter die IP-Adresse lediglich zur Auslieferung der Inhalte verwenden. Drittanbieter k\u00f6nnen ferner sogenannte Pixel-Tags (unsichtbare Grafiken, auch als &#8220;Web Beacons&#8221; bezeichnet) f\u00fcr statistische oder Marketingzwecke verwenden. Durch die &#8220;Pixel-Tags&#8221; k\u00f6nnen Informationen, wie der Besucherverkehr auf den Seiten dieser Webseite, ausgewertet werden. Die pseudonymen Informationen k\u00f6nnen ferner in Cookies auf dem Ger\u00e4t der Nutzer gespeichert werden und unter anderem technische Informationen zum Browser und zum Betriebssystem, zu verweisenden Webseiten, zur Besuchszeit sowie weitere Angaben zur Nutzung unseres Onlineangebotes enthalten als auch mit solchen Informationen aus anderen Quellen verbunden werden.<\/p>\n<ul class=\"m-elements\">\n<li><strong>Verarbeitete Datenarten:<\/strong> Nutzungsdaten (z.B. besuchte Webseiten, Interesse an Inhalten, Zugriffszeiten); Meta-\/Kommunikationsdaten (z.B. Ger\u00e4te-Informationen, IP-Adressen).<\/li>\n<li><strong>Betroffene Personen:<\/strong> Nutzer (z.B. Webseitenbesucher, Nutzer von Onlinediensten).<\/li>\n<li><strong>Zwecke der Verarbeitung:<\/strong> Bereitstellung unseres Onlineangebotes und Nutzerfreundlichkeit; Erbringung vertraglicher Leistungen und Kundenservice.<\/li>\n<li><strong>Rechtsgrundlagen:<\/strong> Berechtigte Interessen (Art. 6 Abs. 1 S. 1 lit. f) DSGVO).<\/li>\n<\/ul>\n<p><strong>Weitere Hinweise zu Verarbeitungsprozessen, Verfahren und Diensten:<\/strong><\/p>\n<ul class=\"m-elements\">\n<li><strong>Google Fonts (Bereitstellung auf eigenem Server): <\/strong>Schriftarten (&#8220;Google Fonts&#8221;) zwecks einer nutzerfreundlichen Darstellung unseres Onlineangebotes; <strong>Dienstanbieter:<\/strong> Die Google Fonts werden auf unserem Server gehostet, es werden keine Daten an Google \u00fcbermittelt; <strong>Rechtsgrundlagen:<\/strong> Berechtigte Interessen (Art. 6 Abs. 1 S. 1 lit. f) DSGVO).<\/li>\n<li><strong>Font Awesome (Bereitstellung auf eigenem Server): <\/strong>Darstellung von Schriftarten und Symbolen; <strong>Dienstanbieter:<\/strong> Die Font Awesome Icons werden auf unserem Server gehostet, es werden keine Daten an den Anbieter von Font Awesome \u00fcbermittelt; <strong>Rechtsgrundlagen:<\/strong> Berechtigte Interessen (Art. 6 Abs. 1 S. 1 lit. f) DSGVO).<\/li>\n<li><strong>OpenStreetMap: <\/strong>Wir binden die Landkarten des Dienstes &#8220;OpenStreetMap&#8221; ein, die auf Grundlage der Open Data Commons Open Database Lizenz (ODbL) durch die OpenStreetMap Foundation (OSMF) angeboten werden. Die Daten der Nutzer werden durch OpenStreetMap ausschlie\u00dflich zu Zwecken der Darstellung der Kartenfunktionen und zur Zwischenspeicherung der gew\u00e4hlten Einstellungen verwendet. Zu diesen Daten k\u00f6nnen insbesondere IP-Adressen und Standortdaten der Nutzer geh\u00f6ren, die jedoch nicht ohne deren Einwilligung (im Regelfall im Rahmen der Einstellungen ihrer Mobilger\u00e4te vollzogen) erhoben werden; <strong>Dienstanbieter:<\/strong> OpenStreetMap Foundation (OSMF); <strong>Rechtsgrundlagen:<\/strong> Berechtigte Interessen (Art. 6 Abs. 1 S. 1 lit. f) DSGVO); <strong>Website:<\/strong> <a href=\"https:\/\/www.openstreetmap.de\" target=\"_blank\" rel=\"noopener\">https:\/\/www.openstreetmap.de<\/a>; <strong>Datenschutzerkl\u00e4rung:<\/strong> <a href=\"https:\/\/wiki.osmfoundation.org\/wiki\/Privacy_Policy\" target=\"_blank\" rel=\"noopener\">https:\/\/wiki.osmfoundation.org\/wiki\/Privacy_Policy<\/a>.<\/li>\n<\/ul>\n<p class=\"seal\"><a href=\"https:\/\/datenschutz-generator.de\/\" title=\"Rechtstext von Dr. Schwenke - f\u00fcr weitere Informationen bitte anklicken.\" target=\"_blank\" rel=\"noopener noreferrer nofollow\">Erstellt mit kostenlosem Datenschutz-Generator.de von Dr. Thomas Schwenke<\/a><\/p>","protected":false},"excerpt":{"rendered":"<p>Datenschutzerkl\u00e4rung Einleitung Mit der folgenden Datenschutzerkl\u00e4rung m\u00f6chten wir Sie dar\u00fcber aufkl\u00e4ren, welche Arten Ihrer personenbezogenen Daten (nachfolgend auch kurz als &#8220;Daten\u201c bezeichnet) wir zu welchen Zwecken und in welchem Umfang verarbeiten. Die Datenschutzerkl\u00e4rung gilt f\u00fcr alle von uns durchgef\u00fchrten Verarbeitungen personenbezogener Daten, sowohl im Rahmen der Erbringung unserer Leistungen als auch insbesondere auf unseren Webseiten, [&hellip;]<\/p>\n","protected":false},"author":1,"featured_media":0,"parent":0,"menu_order":0,"comment_status":"closed","ping_status":"closed","template":"","meta":{"footnotes":""},"class_list":["post-2042","page","type-page","status-publish","hentry"],"_links":{"self":[{"href":"https:\/\/gravelmaps.de\/de\/wp-json\/wp\/v2\/pages\/2042","targetHints":{"allow":["GET"]}}],"collection":[{"href":"https:\/\/gravelmaps.de\/de\/wp-json\/wp\/v2\/pages"}],"about":[{"href":"https:\/\/gravelmaps.de\/de\/wp-json\/wp\/v2\/types\/page"}],"author":[{"embeddable":true,"href":"https:\/\/gravelmaps.de\/de\/wp-json\/wp\/v2\/users\/1"}],"replies":[{"embeddable":true,"href":"https:\/\/gravelmaps.de\/de\/wp-json\/wp\/v2\/comments?post=2042"}],"version-history":[{"count":0,"href":"https:\/\/gravelmaps.de\/de\/wp-json\/wp\/v2\/pages\/2042\/revisions"}],"wp:attachment":[{"href":"https:\/\/gravelmaps.de\/de\/wp-json\/wp\/v2\/media?parent=2042"}],"curies":[{"name":"wp","href":"https:\/\/api.w.org\/{rel}","templated":true}]}}