{"id":1586,"date":"2022-11-12T17:42:18","date_gmt":"2022-11-12T16:42:18","guid":{"rendered":"https:\/\/gravelmaps.de\/?page_id=1586"},"modified":"2024-12-17T10:20:28","modified_gmt":"2024-12-17T09:20:28","slug":"changing-maps-layout","status":"publish","type":"page","link":"https:\/\/gravelmaps.de\/de\/changing-maps-layout\/","title":{"rendered":"Ver\u00e4ndere die Darstellung der Karte"},"content":{"rendered":"<div data-colibri-id=\"1586-c1\" class=\"style-984 style-local-1586-c1 position-relative\">\n  <!---->\n  <div data-colibri-component=\"section\" data-colibri-id=\"1586-c2\" id=\"h1\" class=\"h-section h-section-global-spacing d-flex align-items-lg-center align-items-md-center align-items-center style-985 style-local-1586-c2 position-relative\">\n    <!---->\n    <!---->\n    <div class=\"h-section-grid-container h-section-boxed-container\">\n      <!---->\n      <div data-colibri-id=\"1586-c3\" class=\"h-row-container gutters-row-lg-0 gutters-row-md-0 gutters-row-0 gutters-row-v-lg-0 gutters-row-v-md-0 gutters-row-v-0 style-986 style-local-1586-c3 position-relative\">\n        <!---->\n        <div class=\"h-row justify-content-lg-start justify-content-md-start justify-content-start align-items-lg-stretch align-items-md-stretch align-items-stretch gutters-col-lg-0 gutters-col-md-0 gutters-col-0 gutters-col-v-lg-0 gutters-col-v-md-0 gutters-col-v-0\">\n          <!---->\n          <div class=\"h-column h-column-container d-flex h-col-lg-auto h-col-md-auto h-col-auto style-987-outer style-local-1586-c4-outer\">\n            <div data-colibri-id=\"1586-c4\" class=\"d-flex h-flex-basis h-column__inner h-px-lg-0 h-px-md-0 h-px-0 v-inner-lg-0 v-inner-md-0 v-inner-0 style-987 style-local-1586-c4 position-relative\">\n              <!---->\n              <!---->\n              <div class=\"w-100 h-y-container h-column__content h-column__v-align flex-basis-100 align-self-lg-center align-self-md-center align-self-center\">\n                <!---->\n                <div data-colibri-id=\"1586-c5\" class=\"h-global-transition-all h-heading style-988 style-local-1586-c5 position-relative h-element\">\n                  <!---->\n                  <div class=\"h-heading__outer style-988 style-local-1586-c5\">\n                    <!---->\n                    <!---->\n                    <h1 class=\"\">Ver\u00e4ndere die Darstellung der Karte<\/h1>\n                  <\/div>\n                <\/div>\n              <\/div>\n            <\/div>\n          <\/div>\n        <\/div>\n      <\/div>\n    <\/div>\n  <\/div>\n  <div data-colibri-component=\"section\" data-colibri-id=\"1586-c6\" id=\"garmin\" class=\"h-section h-section-global-spacing d-flex align-items-lg-center align-items-md-center align-items-center style-1170 style-local-1586-c6 position-relative\">\n    <!---->\n    <!---->\n    <div class=\"h-section-grid-container h-section-boxed-container\">\n      <!---->\n      <div data-colibri-id=\"1586-c7\" class=\"h-row-container gutters-row-lg-0 gutters-row-md-0 gutters-row-0 gutters-row-v-lg-0 gutters-row-v-md-0 gutters-row-v-0 style-1171 style-local-1586-c7 position-relative\">\n        <!---->\n        <div class=\"h-row justify-content-lg-start justify-content-md-start justify-content-start align-items-lg-stretch align-items-md-stretch align-items-stretch gutters-col-lg-0 gutters-col-md-0 gutters-col-0 gutters-col-v-lg-0 gutters-col-v-md-0 gutters-col-v-0\">\n          <!---->\n          <div class=\"h-column h-column-container d-flex h-col-lg-auto h-col-md-auto h-col-auto style-1172-outer style-local-1586-c8-outer\">\n            <div data-colibri-id=\"1586-c8\" class=\"d-flex h-flex-basis h-column__inner h-px-lg-0 h-px-md-0 h-px-0 v-inner-lg-0 v-inner-md-0 v-inner-0 style-1172 style-local-1586-c8 position-relative\">\n              <!---->\n              <!---->\n              <div class=\"w-100 h-y-container h-column__content h-column__v-align flex-basis-auto align-self-lg-start align-self-md-start align-self-start\">\n                <!---->\n                <div data-colibri-id=\"1586-c9\" class=\"h-x-container style-1190 style-local-1586-c9 position-relative h-element\">\n                  <!---->\n                  <div class=\"h-x-container-inner style-dynamic-1586-c9-group style-1190-spacing style-local-1586-c9-spacing\"><span class=\"h-link__outer style-1191-outer style-local-1586-c10-outer d-inline-flex h-element\"><a h-use-smooth-scroll=\"true\" href=\"https:\/\/gravelmaps.de\/de\/layout-legend\/\"  data-colibri-id=\"1586-c10\" class=\"d-flex w-100 align-items-center h-link style-1191 style-local-1586-c10 position-relative\"><!----><!----> <span>F\u00fcr Einzelheiten \u00fcber das Layout siehe den Men\u00fcpunkt \"Legende &amp; Layout\".<\/span><\/a>\n                    <\/span>\n                  <\/div>\n                <\/div>\n                <div data-colibri-id=\"1586-c11\" class=\"h-global-transition-all h-heading style-1173 style-local-1586-c11 position-relative h-element\">\n                  <!---->\n                  <div class=\"h-heading__outer style-1173 style-local-1586-c11\">\n                    <!---->\n                    <!---->\n                    <h2 class=\"\">Garmin GPS Ger\u00e4t<\/h2>\n                  <\/div>\n                <\/div>\n                <div data-colibri-id=\"1586-c12\" class=\"h-text h-text-component style-1174 style-local-1586-c12 position-relative h-element\">\n                  <!---->\n                  <!---->\n                  <div class=\"\">\n                    <p>Um eine bestm\u00f6gliche Lesbarkeit auf dem jeweiligen Ger\u00e4t zu gew\u00e4hrleisten, werden die Garmin Gravelmaps \"Region.img\"-Karten standardm\u00e4\u00dfig in einem breiteren Layout (Wide Layout) als die in Basecamp angezeigten Karten (Thin Layout) dargestellt.<\/p>\n                    <p>Falls du nur einzelne Kacheln mit Basecamp (MapInstall) oder Mapsource installierst, wird das Thin Layout auf deine neue Garmin IMG-Karte (gmapsupp.img) angewendet. Um das Layout in deinem Garmin-Ger\u00e4t zu \u00e4ndern, stelle ich ein Tool zur Verf\u00fcgung:<\/p>\n                  <\/div>\n                <\/div>\n                <div data-colibri-id=\"1586-c13\" class=\"h-x-container style-1175 style-local-1586-c13 position-relative h-element\">\n                  <!---->\n                  <div class=\"h-x-container-inner style-dynamic-1586-c13-group style-1175-spacing style-local-1586-c13-spacing\"><span class=\"h-button__outer style-1176-outer style-local-1586-c14-outer d-inline-flex h-element\"><a h-use-smooth-scroll=\"true\" href=\"https:\/\/gravelmaps.de\/de\/?smd_process_download=1&amp;download_id=1847\"  data-colibri-id=\"1586-c14\" class=\"d-flex w-100 align-items-center h-button justify-content-lg-center justify-content-md-center justify-content-center style-1176 style-local-1586-c14 position-relative\"><!----><!----> <span>Download ReplaceTyp.zip<\/span><\/a>\n                    <\/span>\n                  <\/div>\n                <\/div>\n                <div data-colibri-id=\"1586-c15\" class=\"h-text h-text-component style-1275 style-local-1586-c15 position-relative h-element\">\n                  <!---->\n                  <!---->\n                  <div class=\"\">\n                    <p>Replacetyp nutzt gmt.exe. Gmt.exe is die Kommandozeilen-Version des GmapTool Programms von AP\n                      <a href=\"http:\/\/www.gmaptool.eu\" rel=\"noreferrer noopener\" target=\"_blank\">www.gmaptool.eu<\/a>.\n                      <br>GMT wurde unter der Creative Commons Attribution-ShareAlike 3.0 Lizenz lizensiert. Um alle Details anzusehen gehst du am besten auf AP\u2019s Webseite:\n                      <a href=\"https:\/\/www.gmaptool.eu\/en\/content\/gmaptool\" rel=\"noreferrer noopener\" target=\"_blank\">https:\/\/www.gmaptool.eu\/en\/content\/license<\/a> .<\/p>\n                  <\/div>\n                <\/div>\n              <\/div>\n            <\/div>\n          <\/div>\n        <\/div>\n      <\/div>\n    <\/div>\n  <\/div>\n  <div data-colibri-component=\"section\" data-colibri-id=\"1586-c16\" id=\"instructions\" class=\"h-section h-section-global-spacing d-flex align-items-lg-center align-items-md-center align-items-center style-1177 style-local-1586-c16 position-relative\">\n    <!---->\n    <!---->\n    <div class=\"h-section-grid-container h-section-boxed-container\">\n      <!---->\n      <div data-colibri-id=\"1586-c17\" class=\"h-row-container gutters-row-lg-0 gutters-row-md-0 gutters-row-0 gutters-row-v-lg-0 gutters-row-v-md-0 gutters-row-v-0 style-1178 style-local-1586-c17 position-relative\">\n        <!---->\n        <div class=\"h-row justify-content-lg-start justify-content-md-start justify-content-start align-items-lg-stretch align-items-md-stretch align-items-stretch gutters-col-lg-0 gutters-col-md-0 gutters-col-0 gutters-col-v-lg-0 gutters-col-v-md-0 gutters-col-v-0\">\n          <!---->\n          <div class=\"h-column h-column-container d-flex h-col-lg-auto h-col-md-auto h-col-auto style-1179-outer style-local-1586-c18-outer\">\n            <div data-colibri-id=\"1586-c18\" class=\"d-flex h-flex-basis h-column__inner h-px-lg-0 h-px-md-0 h-px-0 v-inner-lg-0 v-inner-md-0 v-inner-0 style-1179 style-local-1586-c18 position-relative\">\n              <!---->\n              <!---->\n              <div class=\"w-100 h-y-container h-column__content h-column__v-align flex-basis-auto align-self-lg-start align-self-md-start align-self-start\">\n                <!---->\n                <div data-colibri-id=\"1586-c19\" class=\"h-global-transition-all h-heading style-1180 style-local-1586-c19 position-relative h-element\">\n                  <!---->\n                  <div class=\"h-heading__outer style-1180 style-local-1586-c19\">\n                    <!---->\n                    <!---->\n                    <h3 class=\"\">Anleitung<\/h3>\n                  <\/div>\n                <\/div>\n                <div data-colibri-id=\"1586-c20\" class=\"icon-list d-flex justify-content-lg-start justify-content-md-start justify-content-start style-1182 style-local-1586-c20 position-relative h-element\">\n                  <!---->\n                  <ul class=\"ul-list-icon vertical-on-desktop vertical-on-tablet vertical-on-mobile justify-content-lg-start justify-content-md-start justify-content-start\">\n                    <!---->\n                    <li class=\"list-item no-gutters\">\n                      <!---->\n                      <div class=\"list-container-divider d-flex justify-content-lg-start justify-content-md-start justify-content-start first-el-spacer\"><\/div> <span class=\"item-link no-gutters\"><div class=\"d-flex h-col no-gutters align-items-lg-center align-items-md-center align-items-center list-item-text-wrapper\"><div class=\"d-flex\"><span  class=\"h-svg-icon style-1182-icon style-local-1586-c20-icon\"><!--Icon by Font Awesome (https:\/\/fontawesome.com)-->\n    <svg version=\"1.1\" xmlns=\"http:\/\/www.w3.org\/2000\/svg\" xmlns:xlink=\"http:\/\/www.w3.org\/1999\/xlink\" id=\"check\" viewbox=\"0 0 1792 1896.0833\">\n      <path d=\"M1671 566q0 40-28 68l-724 724-136 136q-28 28-68 28t-68-28l-136-136-362-362q-28-28-28-68t28-68l136-136q28-28 68-28t68 28l294 295 656-657q28-28 68-28t68 28l136 136q28 28 28 68z\"><\/path>\n    <\/svg><\/span><\/div> <span class=\"list-text d-block\"><span>Entpacke die ReplaceTyp.zip in ein Verzeichnis deiner Wahl.<\/span><\/span>\n              <\/div>\n              <\/span>\n              <div class=\"list-container-divider d-flex justify-content-lg-start justify-content-md-start justify-content-start\">\n                <!---->\n              <\/div>\n              <\/li>\n              <li class=\"list-item no-gutters\">\n                <!---->\n                <!----><span class=\"item-link no-gutters\"><div class=\"d-flex h-col no-gutters align-items-lg-center align-items-md-center align-items-center list-item-text-wrapper\"><div class=\"d-flex\"><span  class=\"h-svg-icon style-1182-icon style-local-1586-c20-icon\"><!--Icon by Font Awesome (https:\/\/fontawesome.com)-->\n    <svg version=\"1.1\" xmlns=\"http:\/\/www.w3.org\/2000\/svg\" xmlns:xlink=\"http:\/\/www.w3.org\/1999\/xlink\" id=\"check\" viewbox=\"0 0 1792 1896.0833\">\n      <path d=\"M1671 566q0 40-28 68l-724 724-136 136q-28 28-68 28t-68-28l-136-136-362-362q-28-28-28-68t28-68l136-136q28-28 68-28t68 28l294 295 656-657q28-28 68-28t68 28l136 136q28 28 28 68z\"><\/path>\n    <\/svg><\/span><\/div> <span class=\"list-text d-block\"><span>Belasse alle Dateien im selben Verzeichnis.<\/span><\/span>\n          <\/div>\n          <\/span>\n          <div class=\"list-container-divider d-flex justify-content-lg-start justify-content-md-start justify-content-start\">\n            <!---->\n          <\/div>\n          <\/li>\n          <li class=\"list-item no-gutters\">\n            <!---->\n            <!----><span class=\"item-link no-gutters\"><div class=\"d-flex h-col no-gutters align-items-lg-center align-items-md-center align-items-center list-item-text-wrapper\"><div class=\"d-flex\"><span  class=\"h-svg-icon style-1182-icon style-local-1586-c20-icon\"><!--Icon by Font Awesome (https:\/\/fontawesome.com)-->\n    <svg version=\"1.1\" xmlns=\"http:\/\/www.w3.org\/2000\/svg\" xmlns:xlink=\"http:\/\/www.w3.org\/1999\/xlink\" id=\"check\" viewbox=\"0 0 1792 1896.0833\">\n      <path d=\"M1671 566q0 40-28 68l-724 724-136 136q-28 28-68 28t-68-28l-136-136-362-362q-28-28-28-68t28-68l136-136q28-28 68-28t68 28l294 295 656-657q28-28 68-28t68 28l136 136q28 28 28 68z\"><\/path>\n    <\/svg><\/span><\/div> <span class=\"list-text d-block\"><span>Drag and drop die gmapsupp.img auf die ReplaceTyp.cmd .<\/span><\/span>\n      <\/div>\n      <\/span>\n      <div class=\"list-container-divider d-flex justify-content-lg-start justify-content-md-start justify-content-start\">\n        <!---->\n      <\/div>\n      <\/li>\n      <li class=\"list-item no-gutters\">\n        <!---->\n        <!----><span class=\"item-link no-gutters\"><div class=\"d-flex h-col no-gutters align-items-lg-center align-items-md-center align-items-center list-item-text-wrapper\"><div class=\"d-flex\"><span  class=\"h-svg-icon style-1182-icon style-local-1586-c20-icon\"><!--Icon by Font Awesome (https:\/\/fontawesome.com)-->\n    <svg version=\"1.1\" xmlns=\"http:\/\/www.w3.org\/2000\/svg\" xmlns:xlink=\"http:\/\/www.w3.org\/1999\/xlink\" id=\"check\" viewbox=\"0 0 1792 1896.0833\">\n      <path d=\"M1671 566q0 40-28 68l-724 724-136 136q-28 28-68 28t-68-28l-136-136-362-362q-28-28-28-68t28-68l136-136q28-28 68-28t68 28l294 295 656-657q28-28 68-28t68 28l136 136q28 28 28 68z\"><\/path>\n    <\/svg><\/span><\/div> <span class=\"list-text d-block\"><span>W\u00e4hle Thick oder Thin Lines aus.<\/span><\/span>\n  <\/div>\n  <\/span>\n  <div class=\"list-container-divider d-flex justify-content-lg-start justify-content-md-start justify-content-start\" style=\"display: none;\">\n    <!---->\n  <\/div>\n  <div class=\"list-container-divider d-flex justify-content-lg-start justify-content-md-start justify-content-start last-el-spacer\"><\/div>\n  <\/li>\n  <\/ul>\n<\/div>\n<div data-colibri-id=\"1586-c21\" class=\"h-text h-text-component style-1181 style-local-1586-c21 position-relative h-element\">\n  <!---->\n  <!---->\n  <div class=\"\">\n    <p>Fertig.\n      <br>\n    <\/p>\n  <\/div>\n<\/div>\n<div data-colibri-id=\"1586-c22\" class=\"h-text h-text-component style-1183 style-local-1586-c22 position-relative h-element\">\n  <!---->\n  <!---->\n  <div class=\"\">\n    <p><strong>Hinweis<\/strong>: Drag &amp; Drop niemals Karten von anderen Quellen - du wirst deren Original Layout verlieren und die Karte wird unbrauchbar sein!<\/p>\n  <\/div>\n<\/div>\n<\/div>\n<\/div>\n<\/div>\n<\/div>\n<\/div>\n<\/div>\n<\/div>\n<div data-colibri-component=\"section\" data-colibri-id=\"1586-c23\" id=\"basecamp\" class=\"h-section h-section-global-spacing d-flex align-items-lg-center align-items-md-center align-items-center style-1184 style-local-1586-c23 position-relative\">\n  <!---->\n  <!---->\n  <div class=\"h-section-grid-container h-section-boxed-container\">\n    <!---->\n    <div data-colibri-id=\"1586-c24\" class=\"h-row-container gutters-row-lg-0 gutters-row-md-0 gutters-row-0 gutters-row-v-lg-0 gutters-row-v-md-0 gutters-row-v-0 style-1185 style-local-1586-c24 position-relative\">\n      <!---->\n      <div class=\"h-row justify-content-lg-start justify-content-md-start justify-content-start align-items-lg-stretch align-items-md-stretch align-items-stretch gutters-col-lg-0 gutters-col-md-0 gutters-col-0 gutters-col-v-lg-0 gutters-col-v-md-0 gutters-col-v-0\">\n        <!---->\n        <div class=\"h-column h-column-container d-flex h-col-lg-auto h-col-md-auto h-col-auto style-1186-outer style-local-1586-c25-outer\">\n          <div data-colibri-id=\"1586-c25\" class=\"d-flex h-flex-basis h-column__inner h-px-lg-0 h-px-md-0 h-px-0 v-inner-lg-0 v-inner-md-0 v-inner-0 style-1186 style-local-1586-c25 position-relative\">\n            <!---->\n            <!---->\n            <div class=\"w-100 h-y-container h-column__content h-column__v-align flex-basis-auto align-self-lg-start align-self-md-start align-self-start\">\n              <!---->\n              <div data-colibri-id=\"1586-c26\" class=\"h-global-transition-all h-heading style-1187 style-local-1586-c26 position-relative h-element\">\n                <!---->\n                <div class=\"h-heading__outer style-1187 style-local-1586-c26\">\n                  <!---->\n                  <!---->\n                  <h2 class=\"\">Basecamp<\/h2>\n                <\/div>\n              <\/div>\n              <div data-colibri-id=\"1586-c27\" class=\"h-text h-text-component style-1188 style-local-1586-c27 position-relative h-element\">\n                <!---->\n                <!---->\n                <div class=\"\">\n                  <p>Wenn du das breite Layout auch in Basecamp einstellen m\u00f6chtest, mu\u00dft du nur die sogenannte TYP-Datei f\u00fcr die Karte \u00e4ndern. Dies geschieht am besten mit\n                    <a href=\"http:\/\/www.javawa.nl\/gmtk_en.html\" target=\"_blank\" rel=\"noopener noreferrer\" class=\"customize-unpreviewable\">JaVaWa GMTK<\/a>.\n                    <br>\n                  <\/p>\n                  <p>Beginnen wir mit dem Herunterladen von ReplaceTyp.zip:\n                    <br>\n                  <\/p>\n                <\/div>\n              <\/div>\n              <div data-colibri-id=\"1586-c28\" class=\"h-x-container style-1192 style-local-1586-c28 position-relative h-element\">\n                <!---->\n                <div class=\"h-x-container-inner style-dynamic-1586-c28-group style-1192-spacing style-local-1586-c28-spacing\"><span class=\"h-button__outer style-1193-outer style-local-1586-c29-outer d-inline-flex h-element\"><a h-use-smooth-scroll=\"true\" href=\"https:\/\/gravelmaps.de\/de\/?smd_process_download=1&amp;download_id=1847\"  data-colibri-id=\"1586-c29\" class=\"d-flex w-100 align-items-center h-button justify-content-lg-center justify-content-md-center justify-content-center style-1193 style-local-1586-c29 position-relative\"><!----><!----> <span>Download ReplaceTyp.zip<\/span><\/a>\n                  <\/span>\n                <\/div>\n              <\/div>\n              <div data-colibri-id=\"1586-c30\" class=\"h-text h-text-component style-1194 style-local-1586-c30 position-relative h-element\">\n                <!---->\n                <!---->\n                <div class=\"\">\n                  <p>Entzippe den Inhalt in ein Verzeichnis deiner Wahl. Merke dir das Verzeichnis, denn wir ben\u00f6tigen die grvl_p.typ und die grvl_pn.typ.\n                    <br>Download &amp; Installiere\n                    <a href=\"http:\/\/www.javawa.nl\/gmtk_en.html\" target=\"_blank\" rel=\"noopener noreferrer\" class=\"customize-unpreviewable\">JaVaWa GMTK<\/a>\n                    <br>Wie man die TYP-Datei mit JaVaWa austauscht, kann man im folgenden Video sehen. Hier ersetze ich das Thin Layout durch das Wide Layout:<\/p>\n                  <div style=\"width: 1618px;\" class=\"wp-video\"><video class=\"wp-video-shortcode\" id=\"video-1586-1\" width=\"1618\" height=\"1000\" preload=\"metadata\" controls=\"controls\"><source type=\"video\/mp4\" src=\"https:\/\/gravelmaps.de\/wp-content\/uploads\/2022\/11\/change-typ-file-for-basecamp.mp4?_=1\" \/><a href=\"https:\/\/gravelmaps.de\/wp-content\/uploads\/2022\/11\/change-typ-file-for-basecamp.mp4\">https:\/\/gravelmaps.de\/wp-content\/uploads\/2022\/11\/change-typ-file-for-basecamp.mp4<\/a><\/video><\/div>\n                <\/div>\n              <\/div>\n              <div data-colibri-id=\"1586-c31\" class=\"h-text h-text-component style-1276 style-local-1586-c31 position-relative h-element\">\n                <!---->\n                <!---->\n                <div class=\"\">\n                  <p>Replacetyp nutzt gmt.exe. Gmt.exe is die Kommandozeilen-Version des GmapTool Programms von AP\n                    <a href=\"http:\/\/www.gmaptool.eu\" rel=\"noreferrer noopener\" target=\"_blank\">www.gmaptool.eu<\/a>.\n                    <br>GMT wurde unter der Creative Commons Attribution-ShareAlike 3.0 Lizenz lizensiert. Um alle Details anzusehen gehst du am besten auf AP\u2019s Webseite:\n                    <a href=\"https:\/\/www.gmaptool.eu\/en\/content\/gmaptool\" rel=\"noreferrer noopener\" target=\"_blank\">https:\/\/www.gmaptool.eu\/en\/content\/license<\/a> .<\/p>\n                <\/div>\n              <\/div>\n            <\/div>\n          <\/div>\n        <\/div>\n      <\/div>\n    <\/div>\n  <\/div>\n<\/div>\n<div data-colibri-component=\"section\" data-colibri-id=\"1586-c32\" id=\"reusable-sections\" class=\"h-section h-section-global-spacing d-flex align-items-lg-center align-items-md-center align-items-center style-1262 style-local-1586-c32 position-relative\">\n  <!---->\n  <!---->\n  <div class=\"h-separator\" style=\"height: 51px; bottom: calc(0px);\">\n    <svg style=\"fill:rgb(2, 110, 159);\" xmlns=\"http:\/\/www.w3.org\/2000\/svg\" viewbox=\"0 0 1000 100\" preserveaspectratio=\"none\">\n      <path class=\"svg-white-bg\" d=\"M737.9,94.7L0,0v100h1000V0L737.9,94.7z\"><\/path>\n    <\/svg>\n  <\/div>\n  <div class=\"h-section-grid-container h-section-boxed-container\">\n    <!---->\n    <div data-colibri-id=\"1586-c33\" class=\"h-row-container gutters-row-lg-0 gutters-row-md-0 gutters-row-0 gutters-row-v-lg-0 gutters-row-v-md-0 gutters-row-v-0 style-1263 style-local-1586-c33 position-relative\">\n      <!---->\n      <div class=\"h-row justify-content-lg-center justify-content-md-center justify-content-center align-items-lg-stretch align-items-md-stretch align-items-stretch gutters-col-lg-0 gutters-col-md-0 gutters-col-0 gutters-col-v-lg-0 gutters-col-v-md-0 gutters-col-v-0\">\n        <!---->\n        <div class=\"h-column h-column-container d-flex h-col-lg-auto h-col-md-auto h-col-auto style-1264-outer style-local-1586-c34-outer\">\n          <div data-colibri-id=\"1586-c34\" class=\"d-flex h-flex-basis h-column__inner h-ui-empty-state-container h-px-lg-2 h-px-md-2 h-px-2 v-inner-lg-2 v-inner-md-2 v-inner-2 style-1264 style-local-1586-c34 position-relative\">\n            <!---->\n            <!---->\n            <div class=\"w-100 h-y-container h-column__content h-column__v-align flex-basis-100\">\n              <!---->\n            <\/div>\n          <\/div>\n        <\/div>\n      <\/div>\n    <\/div>\n  <\/div>\n<\/div>\n<\/div>","protected":false},"excerpt":{"rendered":"<p>Changing the maps layout See Legend &amp; Layout for details on the layout itself. Garmin device In order to ensure the best possible readability on the respective device, by default the &#8220;Region.img&#8221; maps for your Garmin are displayed in a wider layout (Wide Layout) than the maps displayed in Basecamp (Thin Layout). The Thin Layout [&hellip;]<\/p>\n","protected":false},"author":1,"featured_media":0,"parent":0,"menu_order":0,"comment_status":"closed","ping_status":"closed","template":"page-templates\/full-width-page.php","meta":{"footnotes":""},"class_list":["post-1586","page","type-page","status-publish","hentry"],"_links":{"self":[{"href":"https:\/\/gravelmaps.de\/de\/wp-json\/wp\/v2\/pages\/1586","targetHints":{"allow":["GET"]}}],"collection":[{"href":"https:\/\/gravelmaps.de\/de\/wp-json\/wp\/v2\/pages"}],"about":[{"href":"https:\/\/gravelmaps.de\/de\/wp-json\/wp\/v2\/types\/page"}],"author":[{"embeddable":true,"href":"https:\/\/gravelmaps.de\/de\/wp-json\/wp\/v2\/users\/1"}],"replies":[{"embeddable":true,"href":"https:\/\/gravelmaps.de\/de\/wp-json\/wp\/v2\/comments?post=1586"}],"version-history":[{"count":2,"href":"https:\/\/gravelmaps.de\/de\/wp-json\/wp\/v2\/pages\/1586\/revisions"}],"predecessor-version":[{"id":3978,"href":"https:\/\/gravelmaps.de\/de\/wp-json\/wp\/v2\/pages\/1586\/revisions\/3978"}],"wp:attachment":[{"href":"https:\/\/gravelmaps.de\/de\/wp-json\/wp\/v2\/media?parent=1586"}],"curies":[{"name":"wp","href":"https:\/\/api.w.org\/{rel}","templated":true}]}}