{"id":1291,"date":"2022-11-09T15:35:07","date_gmt":"2022-11-09T14:35:07","guid":{"rendered":"https:\/\/gravelmaps.de\/?page_id=1291"},"modified":"2022-11-09T16:31:53","modified_gmt":"2022-11-09T15:31:53","slug":"basecamp-handling-the-map","status":"publish","type":"page","link":"https:\/\/gravelmaps.de\/de\/basecamp-handling-the-map\/","title":{"rendered":"Handhabung der Karte in Basecamp"},"content":{"rendered":"<div data-colibri-id=\"1291-c1\" class=\"style-862 style-local-1291-c1 position-relative\">\n  <!---->\n  <div data-colibri-component=\"section\" data-colibri-id=\"1291-c19\" id=\"h1\" class=\"h-section h-section-global-spacing d-flex align-items-lg-center align-items-md-center align-items-center style-902 style-local-1291-c19 position-relative\">\n    <!---->\n    <!---->\n    <div class=\"h-section-grid-container h-section-boxed-container\">\n      <!---->\n      <div data-colibri-id=\"1291-c20\" class=\"h-row-container gutters-row-lg-0 gutters-row-md-0 gutters-row-0 gutters-row-v-lg-0 gutters-row-v-md-0 gutters-row-v-0 style-903 style-local-1291-c20 position-relative\">\n        <!---->\n        <div class=\"h-row justify-content-lg-start justify-content-md-start justify-content-start align-items-lg-stretch align-items-md-stretch align-items-stretch gutters-col-lg-0 gutters-col-md-0 gutters-col-0 gutters-col-v-lg-0 gutters-col-v-md-0 gutters-col-v-0\">\n          <!---->\n          <div class=\"h-column h-column-container d-flex h-col-lg-auto h-col-md-auto h-col-auto style-904-outer style-local-1291-c21-outer\">\n            <div data-colibri-id=\"1291-c21\" class=\"d-flex h-flex-basis h-column__inner h-px-lg-0 h-px-md-0 h-px-0 v-inner-lg-0 v-inner-md-0 v-inner-0 style-904 style-local-1291-c21 position-relative\">\n              <!---->\n              <!---->\n              <div class=\"w-100 h-y-container h-column__content h-column__v-align flex-basis-100 align-self-lg-center align-self-md-center align-self-center\">\n                <!---->\n                <div data-colibri-id=\"1291-c22\" class=\"h-global-transition-all h-heading style-905 style-local-1291-c22 position-relative h-element\">\n                  <!---->\n                  <div class=\"h-heading__outer style-905 style-local-1291-c22\">\n                    <!---->\n                    <!---->\n                    <h1 class=\"\">Handhabung der Karte in Basecamp<\/h1>\n                  <\/div>\n                <\/div>\n              <\/div>\n            <\/div>\n          <\/div>\n        <\/div>\n      <\/div>\n    <\/div>\n  <\/div>\n  <div data-colibri-component=\"section\" data-colibri-id=\"1291-c2\" id=\"routing-options\" class=\"h-section h-section-global-spacing d-flex align-items-lg-center align-items-md-center align-items-center style-863 style-local-1291-c2 position-relative\">\n    <!---->\n    <!---->\n    <div class=\"h-section-grid-container h-section-boxed-container\">\n      <!---->\n      <div data-colibri-id=\"1291-c3\" class=\"h-row-container gutters-row-lg-0 gutters-row-md-0 gutters-row-0 gutters-row-v-lg-0 gutters-row-v-md-0 gutters-row-v-0 style-864 style-local-1291-c3 position-relative\">\n        <!---->\n        <div class=\"h-row justify-content-lg-start justify-content-md-start justify-content-start align-items-lg-stretch align-items-md-stretch align-items-stretch gutters-col-lg-0 gutters-col-md-0 gutters-col-0 gutters-col-v-lg-0 gutters-col-v-md-0 gutters-col-v-0\">\n          <!---->\n          <div class=\"h-column h-column-container d-flex h-col-lg-auto h-col-md-auto h-col-auto style-865-outer style-local-1291-c4-outer\">\n            <div data-colibri-id=\"1291-c4\" class=\"d-flex h-flex-basis h-column__inner h-px-lg-0 h-px-md-0 h-px-0 v-inner-lg-0 v-inner-md-0 v-inner-0 style-865 style-local-1291-c4 position-relative\">\n              <!---->\n              <!---->\n              <div class=\"w-100 h-y-container h-column__content h-column__v-align flex-basis-auto align-self-lg-start align-self-md-start align-self-start\">\n                <!---->\n                <div data-colibri-id=\"1291-c5\" class=\"h-global-transition-all h-heading style-866 style-local-1291-c5 position-relative h-element\">\n                  <!---->\n                  <div class=\"h-heading__outer style-866 style-local-1291-c5\">\n                    <!---->\n                    <!---->\n                    <h2 class=\"\">Routing Optionen<\/h2>\n                  <\/div>\n                <\/div>\n                <div data-colibri-id=\"1291-c6\" class=\"h-text h-text-component style-867 style-local-1291-c6 position-relative h-element\">\n                  <!---->\n                  <!---->\n                  <div class=\"\">\n                    <p>Wenn du eine Route planst, musst du in Basecamp ein Routenprofil angeben. Je nach Verwendungszweck (Fahrrad, Auto, Motorrad...) wird Basecamp auf andere Weise routen. Ich erhalte auf diese Weise gute Ergebnisse f\u00fcr Offroad-Routen:<\/p>\n                  <\/div>\n                <\/div>\n                <div data-colibri-id=\"1291-c7\" class=\"d-block style-868 style-local-1291-c7 position-relative h-element\">\n                  <!---->\n                  <div class=\"h-image__frame-container-outer\">\n                    <div class=\"h-image__frame-container\">\n                      <!---->\n                      <!---->\n                      <img loading=\"lazy\" decoding=\"async\" width=\"795\" height=\"1017\" src=\"https:\/\/gravelmaps.de\/wp-content\/uploads\/2022\/11\/Basecamp-Profile.jpg\" class=\"wp-image-1294 style-868-image style-local-1291-c7-image\" alt=\"\" srcset=\"https:\/\/gravelmaps.de\/wp-content\/uploads\/2022\/11\/Basecamp-Profile.jpg 795w, https:\/\/gravelmaps.de\/wp-content\/uploads\/2022\/11\/Basecamp-Profile-235x300.jpg 235w, https:\/\/gravelmaps.de\/wp-content\/uploads\/2022\/11\/Basecamp-Profile-768x982.jpg 768w, https:\/\/gravelmaps.de\/wp-content\/uploads\/2022\/11\/Basecamp-Profile-9x12.jpg 9w\" sizes=\"auto, (max-width: 795px) 100vw, 795px\" \/>\n                      <div class=\"h-image__frame h-hide-lg h-hide-md h-hide-sm style-868-frameImage style-local-1291-c7-frameImage\"><\/div>\n                    <\/div>\n                  <\/div>\n                <\/div>\n                <div data-colibri-id=\"1291-c8\" class=\"h-text h-text-component style-886 style-local-1291-c8 position-relative h-element\">\n                  <!---->\n                  <!---->\n                  <div class=\"\">\n                    <p>In den meisten F\u00e4llen funktioniert dieses Profil gut. In einigen F\u00e4llen (wenn Schotterstra\u00dfen nicht von Kraftfahrzeugen befahren werden sollen - ich sie aber dennoch nutzen m\u00f6chte) verwende ich das\"<em>Tour Cycling\u201d<\/em> Profil:<\/p>\n                  <\/div>\n                <\/div>\n                <div data-colibri-id=\"1291-c9\" class=\"d-block style-887 style-local-1291-c9 position-relative h-element\">\n                  <!---->\n                  <div class=\"h-image__frame-container-outer\">\n                    <div class=\"h-image__frame-container\">\n                      <!---->\n                      <!---->\n                      <img loading=\"lazy\" decoding=\"async\" width=\"795\" height=\"1017\" src=\"https:\/\/gravelmaps.de\/wp-content\/uploads\/2022\/11\/tour-cycling.jpg\" class=\"wp-image-1295 style-887-image style-local-1291-c9-image\" alt=\"\" srcset=\"https:\/\/gravelmaps.de\/wp-content\/uploads\/2022\/11\/tour-cycling.jpg 795w, https:\/\/gravelmaps.de\/wp-content\/uploads\/2022\/11\/tour-cycling-235x300.jpg 235w, https:\/\/gravelmaps.de\/wp-content\/uploads\/2022\/11\/tour-cycling-768x982.jpg 768w, https:\/\/gravelmaps.de\/wp-content\/uploads\/2022\/11\/tour-cycling-9x12.jpg 9w\" sizes=\"auto, (max-width: 795px) 100vw, 795px\" \/>\n                      <div class=\"h-image__frame h-hide-lg h-hide-md h-hide-sm style-887-frameImage style-local-1291-c9-frameImage\"><\/div>\n                    <\/div>\n                  <\/div>\n                <\/div>\n              <\/div>\n            <\/div>\n          <\/div>\n        <\/div>\n      <\/div>\n    <\/div>\n  <\/div>\n  <div data-colibri-component=\"section\" data-colibri-id=\"1291-c10\" id=\"basecamp-elevation\" class=\"h-section h-section-global-spacing d-flex align-items-lg-center align-items-md-center align-items-center style-888 style-local-1291-c10 position-relative\">\n    <!---->\n    <!---->\n    <div class=\"h-section-grid-container h-section-boxed-container\">\n      <!---->\n      <div data-colibri-id=\"1291-c11\" class=\"h-row-container gutters-row-lg-0 gutters-row-md-0 gutters-row-0 gutters-row-v-lg-0 gutters-row-v-md-0 gutters-row-v-0 style-889 style-local-1291-c11 position-relative\">\n        <!---->\n        <div class=\"h-row justify-content-lg-start justify-content-md-start justify-content-start align-items-lg-stretch align-items-md-stretch align-items-stretch gutters-col-lg-0 gutters-col-md-0 gutters-col-0 gutters-col-v-lg-0 gutters-col-v-md-0 gutters-col-v-0\">\n          <!---->\n          <div class=\"h-column h-column-container d-flex h-col-lg-auto h-col-md-auto h-col-auto style-890-outer style-local-1291-c12-outer\">\n            <div data-colibri-id=\"1291-c12\" class=\"d-flex h-flex-basis h-column__inner h-px-lg-0 h-px-md-0 h-px-0 v-inner-lg-0 v-inner-md-0 v-inner-0 style-890 style-local-1291-c12 position-relative\">\n              <!---->\n              <!---->\n              <div class=\"w-100 h-y-container h-column__content h-column__v-align flex-basis-auto align-self-lg-start align-self-md-start align-self-start\">\n                <!---->\n                <div data-colibri-id=\"1291-c13\" class=\"h-global-transition-all h-heading style-891 style-local-1291-c13 position-relative h-element\">\n                  <!---->\n                  <div class=\"h-heading__outer style-891 style-local-1291-c13\">\n                    <!---->\n                    <!---->\n                    <h2 class=\"\">Basecamp &amp; H\u00f6hen<\/h2>\n                  <\/div>\n                <\/div>\n                <div data-colibri-id=\"1291-c14\" class=\"h-text h-text-component style-892 style-local-1291-c14 position-relative h-element\">\n                  <!---->\n                  <!---->\n                  <div class=\"\">\n                    <p>Wenn du eine Route ins Unbekannte planst, kann es sehr wichtig sein, einen Eindruck vom Gel\u00e4nde zu bekommen. Da die Gravelmaps ausgezeichnete H\u00f6hendaten enthalten, kannst du dies wie folgt tun:<\/p>\n                  <\/div>\n                <\/div>\n                <div data-colibri-id=\"1291-c15\" class=\"d-block style-893 style-local-1291-c15 position-relative h-element\">\n                  <!---->\n                  <div class=\"h-image__frame-container-outer\">\n                    <div class=\"h-image__frame-container\">\n                      <!---->\n                      <!---->\n                      <img loading=\"lazy\" decoding=\"async\" width=\"2560\" height=\"1405\" src=\"https:\/\/gravelmaps.de\/wp-content\/uploads\/2022\/11\/Basecamp-handling.jpg\" class=\"wp-image-1296 style-893-image style-local-1291-c15-image\" alt=\"\" srcset=\"https:\/\/gravelmaps.de\/wp-content\/uploads\/2022\/11\/Basecamp-handling.jpg 2560w, https:\/\/gravelmaps.de\/wp-content\/uploads\/2022\/11\/Basecamp-handling-300x165.jpg 300w, https:\/\/gravelmaps.de\/wp-content\/uploads\/2022\/11\/Basecamp-handling-1024x562.jpg 1024w, https:\/\/gravelmaps.de\/wp-content\/uploads\/2022\/11\/Basecamp-handling-768x422.jpg 768w, https:\/\/gravelmaps.de\/wp-content\/uploads\/2022\/11\/Basecamp-handling-1536x843.jpg 1536w, https:\/\/gravelmaps.de\/wp-content\/uploads\/2022\/11\/Basecamp-handling-2048x1124.jpg 2048w, https:\/\/gravelmaps.de\/wp-content\/uploads\/2022\/11\/Basecamp-handling-18x10.jpg 18w\" sizes=\"auto, (max-width: 2560px) 100vw, 2560px\" \/>\n                      <div class=\"h-image__frame h-hide-lg h-hide-md h-hide-sm style-893-frameImage style-local-1291-c15-frameImage\"><\/div>\n                    <\/div>\n                  <\/div>\n                <\/div>\n              <\/div>\n            <\/div>\n          <\/div>\n        <\/div>\n      <\/div>\n    <\/div>\n  <\/div>\n  <div data-colibri-component=\"section\" data-colibri-id=\"1291-c16\" id=\"footer\" class=\"h-section h-section-global-spacing d-flex align-items-lg-center align-items-md-center align-items-center style-894 style-local-1291-c16 position-relative\">\n    <!---->\n    <!---->\n    <div style=\"height: 51px; bottom: calc(0px);\" class=\"h-separator\">\n      <svg style=\"fill:rgb(2, 110, 159);\" xmlns=\"http:\/\/www.w3.org\/2000\/svg\" viewbox=\"0 0 1000 100\" preserveaspectratio=\"none\">\n        <path class=\"svg-white-bg\" d=\"M737.9,94.7L0,0v100h1000V0L737.9,94.7z\"><\/path>\n      <\/svg>\n    <\/div>\n    <div class=\"h-section-grid-container h-section-boxed-container\">\n      <!---->\n      <div data-colibri-id=\"1291-c17\" class=\"h-row-container gutters-row-lg-0 gutters-row-md-0 gutters-row-0 gutters-row-v-lg-0 gutters-row-v-md-0 gutters-row-v-0 style-895 style-local-1291-c17 position-relative\">\n        <!---->\n        <div class=\"h-row justify-content-lg-center justify-content-md-center justify-content-center align-items-lg-stretch align-items-md-stretch align-items-stretch gutters-col-lg-0 gutters-col-md-0 gutters-col-0 gutters-col-v-lg-0 gutters-col-v-md-0 gutters-col-v-0\">\n          <!---->\n          <div class=\"h-column h-column-container d-flex h-col-lg-auto h-col-md-auto h-col-auto style-896-outer style-local-1291-c18-outer\">\n            <div data-colibri-id=\"1291-c18\" class=\"d-flex h-flex-basis h-column__inner h-ui-empty-state-container h-px-lg-2 h-px-md-2 h-px-2 v-inner-lg-2 v-inner-md-2 v-inner-2 style-896 style-local-1291-c18 position-relative\">\n              <!---->\n              <!---->\n              <div class=\"w-100 h-y-container h-column__content h-column__v-align flex-basis-100\">\n                <!---->\n              <\/div>\n            <\/div>\n          <\/div>\n        <\/div>\n      <\/div>\n    <\/div>\n  <\/div>\n<\/div>","protected":false},"excerpt":{"rendered":"<p>Basecamp: Handling the map Routing Options When you plan a route, you must specify a routing profile in Basecamp. Depending on the use (bike, car, motorcycle&#8230;) Basecamp will route other ways. I get good results for offroad routing this way: In most cases this profile works well. In some cases (when gravel roads should not [&hellip;]<\/p>\n","protected":false},"author":1,"featured_media":0,"parent":0,"menu_order":0,"comment_status":"closed","ping_status":"closed","template":"page-templates\/full-width-page.php","meta":{"footnotes":""},"class_list":["post-1291","page","type-page","status-publish","hentry"],"_links":{"self":[{"href":"https:\/\/gravelmaps.de\/de\/wp-json\/wp\/v2\/pages\/1291","targetHints":{"allow":["GET"]}}],"collection":[{"href":"https:\/\/gravelmaps.de\/de\/wp-json\/wp\/v2\/pages"}],"about":[{"href":"https:\/\/gravelmaps.de\/de\/wp-json\/wp\/v2\/types\/page"}],"author":[{"embeddable":true,"href":"https:\/\/gravelmaps.de\/de\/wp-json\/wp\/v2\/users\/1"}],"replies":[{"embeddable":true,"href":"https:\/\/gravelmaps.de\/de\/wp-json\/wp\/v2\/comments?post=1291"}],"version-history":[{"count":0,"href":"https:\/\/gravelmaps.de\/de\/wp-json\/wp\/v2\/pages\/1291\/revisions"}],"wp:attachment":[{"href":"https:\/\/gravelmaps.de\/de\/wp-json\/wp\/v2\/media?parent=1291"}],"curies":[{"name":"wp","href":"https:\/\/api.w.org\/{rel}","templated":true}]}}