{"id":4105,"date":"2025-05-11T19:43:57","date_gmt":"2025-05-11T17:43:57","guid":{"rendered":"https:\/\/gravelmaps.de\/?page_id=4105"},"modified":"2025-05-13T13:49:31","modified_gmt":"2025-05-13T11:49:31","slug":"colibri-4105","status":"publish","type":"page","link":"http:\/\/gravelmaps.de\/de\/colibri-4105\/","title":{"rendered":"Alles hat ein Ende"},"content":{"rendered":"<div data-colibri-id=\"4105-c1\" class=\"style-1885 style-local-4105-c1 position-relative\">\n  <!---->\n  <div data-colibri-component=\"section\" data-colibri-id=\"4105-c2\" id=\"custom\" class=\"h-section h-section-global-spacing d-flex align-items-lg-center align-items-md-center align-items-center style-1886 style-local-4105-c2 position-relative\">\n    <!---->\n    <!---->\n    <div class=\"h-section-grid-container h-section-boxed-container\">\n      <!---->\n      <div data-colibri-id=\"4105-c3\" class=\"h-row-container gutters-row-lg-2 gutters-row-md-2 gutters-row-0 gutters-row-v-lg-2 gutters-row-v-md-2 gutters-row-v-2 style-1890 style-local-4105-c3 position-relative\">\n        <!---->\n        <div class=\"h-row justify-content-lg-center justify-content-md-center justify-content-center align-items-lg-stretch align-items-md-stretch align-items-stretch gutters-col-lg-2 gutters-col-md-2 gutters-col-0 gutters-col-v-lg-2 gutters-col-v-md-2 gutters-col-v-2\">\n          <!---->\n          <div class=\"h-column h-column-container d-flex h-col-lg-auto h-col-md-auto h-col-auto style-1891-outer style-local-4105-c4-outer\">\n            <div data-colibri-id=\"4105-c4\" class=\"d-flex h-flex-basis h-column__inner h-px-lg-2 h-px-md-2 h-px-2 v-inner-lg-2 v-inner-md-2 v-inner-2 style-1891 style-local-4105-c4 position-relative\">\n              <!---->\n              <!---->\n              <div class=\"w-100 h-y-container h-column__content h-column__v-align flex-basis-100 align-self-lg-start align-self-md-start align-self-start\">\n                <!---->\n                <div data-colibri-id=\"4105-c5\" class=\"h-global-transition-all h-heading style-1892 style-local-4105-c5 position-relative h-element\">\n                  <!---->\n                  <div class=\"h-heading__outer style-1892 style-local-4105-c5\">\n                    <!---->\n                    <!---->\n                    <h1 class=\"\">Alles hat ein Ende<\/h1>\n                  <\/div>\n                <\/div>\n              <\/div>\n            <\/div>\n          <\/div>\n        <\/div>\n      <\/div>\n      <div data-colibri-id=\"4105-c6\" class=\"h-row-container gutters-row-lg-2 gutters-row-md-2 gutters-row-0 gutters-row-v-lg-2 gutters-row-v-md-2 gutters-row-v-2 style-1887 style-local-4105-c6 position-relative\">\n        <!---->\n        <div class=\"h-row justify-content-lg-center justify-content-md-center justify-content-center align-items-lg-stretch align-items-md-stretch align-items-stretch gutters-col-lg-2 gutters-col-md-2 gutters-col-0 gutters-col-v-lg-2 gutters-col-v-md-2 gutters-col-v-2\">\n          <!---->\n          <div class=\"h-column h-column-container d-flex h-col-lg-auto h-col-md-auto h-col-auto style-1888-outer style-local-4105-c7-outer\">\n            <div data-colibri-id=\"4105-c7\" class=\"d-flex h-flex-basis h-column__inner h-px-lg-2 h-px-md-2 h-px-2 v-inner-lg-2 v-inner-md-2 v-inner-2 style-1888 style-local-4105-c7 position-relative\">\n              <!---->\n              <!---->\n              <div class=\"w-100 h-y-container h-column__content h-column__v-align flex-basis-100 align-self-lg-start align-self-md-start align-self-start\">\n                <!---->\n                <div data-colibri-id=\"4105-c8\" class=\"h-text h-text-component style-1889 style-local-4105-c8 position-relative h-element\">\n                  <!---->\n                  <!---->\n                  <div class=\"\">\n                    <p><span style=\"color: rgb(0, 0, 0);\">Ich habe den Kartenstil vor einigen Jahren entworfen. Seitdem haben sich die Karten weiterentwickelt, basierend auf meinen pers\u00f6nlichen Erfahrungen im Offroad-Bereich. Die Karten wurden bereits viele tausend Mal heruntergeladen. Sie werden offensichtlich von der Offroad-Gemeinde gut genutzt.<\/span><\/p>\n                    <p><span style=\"color: rgb(0, 0, 0);\">Aus pers\u00f6nlichen Gr\u00fcnden zog ich mich 2024 vom Motorradfahren auf unbekannten und unbefestigten Wegen zur\u00fcck. Das bedeutet, dass ich mich nach und nach aus dem Kartenprojekt zur\u00fcckziehen werde.<\/span><\/p>\n                    <p><span style=\"color: rgb(0, 0, 0);\">Meine Zusage:&nbsp;<br>Ich werde die Karten auch im Jahr 2025 weiter pflegen. Im Jahr 2026 werde ich die Karten weiterhin viertelj\u00e4hrlich auf https:\/\/gravelmaps.de ver\u00f6ffentlichen.<br>In 2027 werde ich jedoch entweder die Karten unangetastet lassen oder die Domain abschalten. <\/span><\/p>\n                    <p><span style=\"color: rgb(0, 0, 0);\">Wenn es jemanden gibt, der das Projekt \u00fcbernehmen m\u00f6chte, einfach melden.<\/span><\/p>\n                    <p>Der gesamte Code wurde von mir auf Github ver\u00f6ffentlicht: https:\/\/github.com\/4tegs\/gravelmaps\n                      <br>\u00a9 Gravelmaps Kartographie ist lizenziert unter CC-BY-NC-SA,\n                      <br>https:\/\/creativecommons.org\/licenses\/by-nc-sa\/4.0\/<\/p>\n                  <\/div>\n                <\/div>\n                <div data-colibri-id=\"4105-c9\" class=\"h-x-container style-1893 style-local-4105-c9 position-relative h-element\">\n                  <!---->\n                  <div class=\"h-x-container-inner style-dynamic-4105-c9-group style-1893-spacing style-local-4105-c9-spacing\"><span class=\"h-link__outer style-1894-outer style-local-4105-c10-outer d-inline-flex h-element\"><a h-use-smooth-scroll=\"true\" href=\"https:\/\/github.com\/4tegs\/gravelmaps\" target=\"_blank\"  data-colibri-id=\"4105-c10\" class=\"d-flex w-100 align-items-center h-link style-1894 style-local-4105-c10 position-relative\"><!----><span  class=\"h-svg-icon h-link__icon style-1894-icon style-local-4105-c10-icon\"><!--Icon by Font Awesome (https:\/\/fontawesome.com)-->\n    <svg version=\"1.1\" xmlns=\"http:\/\/www.w3.org\/2000\/svg\" xmlns:xlink=\"http:\/\/www.w3.org\/1999\/xlink\" id=\"file-code-o\" viewbox=\"0 0 1611.2499 1896.0833\">\n      <path d=\"M1468 380q28 28 48 76t20 88v1152q0 40-28 68t-68 28H96q-40 0-68-28t-28-68V96q0-40 28-68T96 0h896q40 0 88 20t76 48zm-444-244v376h376q-10-29-22-41l-313-313q-12-12-41-22zm384 1528V640H992q-40 0-68-28t-28-68V128H128v1536h1280zM480 768q8-11 21-12.5t24 6.5l51 38q11 8 12.5 21t-6.5 24l-182 243 182 243q8 11 6.5 24t-12.5 21l-51 38q-11 8-24 6.5t-21-12.5l-226-301q-14-19 0-38zm802 301q14 19 0 38l-226 301q-8 11-21 12.5t-24-6.5l-51-38q-11-8-12.5-21t6.5-24l182-243-182-243q-8-11-6.5-24t12.5-21l51-38q11-8 24-6.5t21 12.5zm-620 461q-13-2-20.5-13t-5.5-24l138-831q2-13 13-20.5t24-5.5l63 10q13 2 20.5 13t5.5 24l-138 831q-2 13-13 20.5t-24 5.5z\"><\/path>\n    <\/svg><\/span> <span>Gravelmaps on Github<\/span><\/a>\n                    <\/span>\n                  <\/div>\n                <\/div>\n              <\/div>\n            <\/div>\n          <\/div>\n        <\/div>\n      <\/div>\n    <\/div>\n  <\/div>\n<\/div>","protected":false},"excerpt":{"rendered":"<p>Everything comes to an end I designed the maps several years ago. Since then, the maps have developed, based on my personal experience in offroad riding. The maps have been downloaded many thousands of times. They are obviously well used by the off-road community. For personal reasons, I retired from motorcycling on unknown and unpaved [&hellip;]<\/p>\n","protected":false},"author":1,"featured_media":0,"parent":0,"menu_order":0,"comment_status":"closed","ping_status":"closed","template":"page-templates\/full-width-page.php","meta":{"footnotes":""},"class_list":["post-4105","page","type-page","status-publish","hentry"],"_links":{"self":[{"href":"http:\/\/gravelmaps.de\/de\/wp-json\/wp\/v2\/pages\/4105","targetHints":{"allow":["GET"]}}],"collection":[{"href":"http:\/\/gravelmaps.de\/de\/wp-json\/wp\/v2\/pages"}],"about":[{"href":"http:\/\/gravelmaps.de\/de\/wp-json\/wp\/v2\/types\/page"}],"author":[{"embeddable":true,"href":"http:\/\/gravelmaps.de\/de\/wp-json\/wp\/v2\/users\/1"}],"replies":[{"embeddable":true,"href":"http:\/\/gravelmaps.de\/de\/wp-json\/wp\/v2\/comments?post=4105"}],"version-history":[{"count":11,"href":"http:\/\/gravelmaps.de\/de\/wp-json\/wp\/v2\/pages\/4105\/revisions"}],"predecessor-version":[{"id":4161,"href":"http:\/\/gravelmaps.de\/de\/wp-json\/wp\/v2\/pages\/4105\/revisions\/4161"}],"wp:attachment":[{"href":"http:\/\/gravelmaps.de\/de\/wp-json\/wp\/v2\/media?parent=4105"}],"curies":[{"name":"wp","href":"https:\/\/api.w.org\/{rel}","templated":true}]}}